{"id":1177,"date":"2018-07-05T10:12:58","date_gmt":"2018-07-05T10:12:58","guid":{"rendered":"https:\/\/calefaccionmeilan.es\/?page_id=1177"},"modified":"2024-07-28T09:37:42","modified_gmt":"2024-07-28T07:37:42","slug":"solar","status":"publish","type":"page","link":"https:\/\/calefaccionmeilan.es\/index.php\/solar\/","title":{"rendered":"SOLAR"},"content":{"rendered":"<div id=\"pl-1177\"  class=\"panel-layout\" ><div id=\"pg-1177-0\"  class=\"panel-grid panel-no-style\" ><div id=\"pgc-1177-0-0\"  class=\"panel-grid-cell\" ><div id=\"panel-1177-0-0-0\" class=\"so-panel widget widget_sow-hero panel-first-child panel-last-child\" data-index=\"0\" ><div\n\t\t\t\n\t\t\tclass=\"so-widget-sow-hero so-widget-sow-hero-default-6e283e92799f-1177 so-widget-fittext-wrapper\"\n\t\t\t data-fit-text-compressor=\"0.85\"\n\t\t>\t\t\t\t<div class=\"sow-slider-base\" style=\"display: none\" tabindex=\"0\">\n\t\t\t\t\t<ul\n\t\t\t\t\tclass=\"sow-slider-images\"\n\t\t\t\t\tdata-settings=\"{&quot;pagination&quot;:true,&quot;speed&quot;:800,&quot;timeout&quot;:8000,&quot;paused&quot;:false,&quot;pause_on_hover&quot;:false,&quot;swipe&quot;:true,&quot;nav_always_show_desktop&quot;:&quot;&quot;,&quot;nav_always_show_mobile&quot;:&quot;&quot;,&quot;breakpoint&quot;:&quot;780px&quot;,&quot;unmute&quot;:false,&quot;anchor&quot;:null}\"\n\t\t\t\t\t\t\t\t\t\tdata-anchor-id=\"\"\n\t\t\t\t>\t\t<li class=\"sow-slider-image  sow-slider-image-cover\" style=\"visibility: visible;;background-color: #333333;background-image: url(https:\/\/calefaccionmeilan.es\/wp-content\/uploads\/2018\/09\/sol3.jpg)\" >\n\t\t\t\t\t<div class=\"sow-slider-image-container\">\n\t\t\t<div class=\"sow-slider-image-wrapper\">\n\t\t\t\t<h2 style=\"text-align: center\"><strong>SOLAR<\/strong><\/h2>\t\t\t<\/div>\n\t\t<\/div>\n\t\t\t\t<\/li>\n\t\t<\/ul>\t\t\t\t<ol class=\"sow-slider-pagination\">\n\t\t\t\t\t\t\t\t\t\t\t<li><a href=\"#\" data-goto=\"0\" aria-label=\"mostrar diapositiva 1\"><\/a><\/li>\n\t\t\t\t\t\t\t\t\t<\/ol>\n\n\t\t\t\t<div class=\"sow-slide-nav sow-slide-nav-next\">\n\t\t\t\t\t<a href=\"#\" data-goto=\"next\" aria-label=\"diapositiva siguiente\" data-action=\"next\">\n\t\t\t\t\t\t<em class=\"sow-sld-icon-thin-right\"><\/em>\n\t\t\t\t\t<\/a>\n\t\t\t\t<\/div>\n\n\t\t\t\t<div class=\"sow-slide-nav sow-slide-nav-prev\">\n\t\t\t\t\t<a href=\"#\" data-goto=\"previous\" aria-label=\"diapositiva anterior\" data-action=\"prev\">\n\t\t\t\t\t\t<em class=\"sow-sld-icon-thin-left\"><\/em>\n\t\t\t\t\t<\/a>\n\t\t\t\t<\/div>\n\t\t\t\t<\/div><\/div><\/div><\/div><\/div><div id=\"pg-1177-1\"  class=\"panel-grid panel-no-style\" ><div id=\"pgc-1177-1-0\"  class=\"panel-grid-cell panel-grid-cell-empty\" ><\/div><div id=\"pgc-1177-1-1\"  class=\"panel-grid-cell panel-grid-cell-mobile-last\" ><div id=\"panel-1177-1-1-0\" class=\"so-panel widget widget_sow-editor panel-first-child panel-last-child\" data-index=\"1\" ><div\n\t\t\t\n\t\t\tclass=\"so-widget-sow-editor so-widget-sow-editor-base\"\n\t\t\t\n\t\t>\n<div class=\"siteorigin-widget-tinymce textwidget\">\n\t<p class=\"p1\"><span class=\"s1\">La energ\u00eda solar t\u00e9rmica aprovecha la radiaci\u00f3n solar para transformarla en calor a trav\u00e9s de los captadores solares. Las aplicaciones m\u00e1s comunes son: producci\u00f3n de <b>agua caliente sanitaria<\/b> y <b>climatizaci\u00f3n de piscinas<\/b>. La energ\u00eda solar t\u00e9rmica tiene varias ventajas entre las que destacan que es una energ\u00eda <b>limpia, inagotable, gratuita y no contaminante.<\/b><\/span><\/p>\n<p class=\"p1\"><span class=\"s1\">Normalmente la inversi\u00f3n inical <b>se amortiza en los cinco primeros a\u00f1os<\/b>. La vida \u00fatil de la instalaci\u00f3n es de unos 20 a\u00f1os aproximadamente.<\/span><\/p>\n<blockquote>\n<p class=\"p1\"><span class=\"s1\">En Calefacci\u00f3n Meil\u00e1n realizamos instalaciones de paneles solares de todo tipo: planos, de tubos de vac\u00edo\u2026 <\/span><\/p>\n<\/blockquote>\n<p class=\"p1\"><span class=\"s1\">Pide presupuesto sin compromiso. Tenemos el personal especializado para este tipo de instalaciones. <\/span><\/p>\n<\/div>\n<\/div><\/div><\/div><div id=\"pgc-1177-1-2\"  class=\"panel-grid-cell panel-grid-cell-empty\" ><\/div><\/div><div id=\"pg-1177-2\"  class=\"panel-grid panel-no-style\" ><div id=\"pgc-1177-2-0\"  class=\"panel-grid-cell panel-grid-cell-empty\" ><\/div><div id=\"pgc-1177-2-1\"  class=\"panel-grid-cell panel-grid-cell-mobile-last\" ><div id=\"panel-1177-2-1-0\" class=\"so-panel widget widget_sow-image panel-first-child panel-last-child\" data-index=\"2\" ><div\n\t\t\t\n\t\t\tclass=\"so-widget-sow-image so-widget-sow-image-default-8b5b6f678277-1177\"\n\t\t\t\n\t\t>\n<div class=\"sow-image-container\">\n\t\t<img \n\tsrc=\"https:\/\/calefaccionmeilan.es\/wp-content\/uploads\/2018\/09\/meilan-08.png\" width=\"1767\" height=\"789\" srcset=\"https:\/\/calefaccionmeilan.es\/wp-content\/uploads\/2018\/09\/meilan-08.png 1767w, https:\/\/calefaccionmeilan.es\/wp-content\/uploads\/2018\/09\/meilan-08-300x134.png 300w, https:\/\/calefaccionmeilan.es\/wp-content\/uploads\/2018\/09\/meilan-08-768x343.png 768w, https:\/\/calefaccionmeilan.es\/wp-content\/uploads\/2018\/09\/meilan-08-1024x457.png 1024w\" sizes=\"(max-width: 1767px) 100vw, 1767px\" title=\"CALEFACCION MEILAN SOLAR\" alt=\"\" \t\tclass=\"so-widget-image\"\/>\n\t<\/div>\n\n<\/div><\/div><\/div><div id=\"pgc-1177-2-2\"  class=\"panel-grid-cell panel-grid-cell-empty\" ><\/div><\/div><\/div>","protected":false},"excerpt":{"rendered":"<p>La energ\u00eda solar t\u00e9rmica aprovecha la radiaci\u00f3n solar para transformarla en calor a trav\u00e9s de los captadores solares. Las aplicaciones m\u00e1s comunes son: producci\u00f3n de agua caliente sanitaria y climatizaci\u00f3n de piscinas. La energ\u00eda solar t\u00e9rmica tiene varias ventajas entre las que destacan que es una energ\u00eda limpia, inagotable, gratuita y no contaminante. Normalmente la inversi\u00f3n inical se amortiza en los cinco primeros a\u00f1os. La&hellip; <\/p>\n","protected":false},"author":1,"featured_media":0,"parent":0,"menu_order":0,"comment_status":"closed","ping_status":"closed","template":"","meta":{"footnotes":""},"class_list":["post-1177","page","type-page","status-publish","hentry","clearfix"],"_links":{"self":[{"href":"https:\/\/calefaccionmeilan.es\/index.php\/wp-json\/wp\/v2\/pages\/1177","targetHints":{"allow":["GET"]}}],"collection":[{"href":"https:\/\/calefaccionmeilan.es\/index.php\/wp-json\/wp\/v2\/pages"}],"about":[{"href":"https:\/\/calefaccionmeilan.es\/index.php\/wp-json\/wp\/v2\/types\/page"}],"author":[{"embeddable":true,"href":"https:\/\/calefaccionmeilan.es\/index.php\/wp-json\/wp\/v2\/users\/1"}],"replies":[{"embeddable":true,"href":"https:\/\/calefaccionmeilan.es\/index.php\/wp-json\/wp\/v2\/comments?post=1177"}],"version-history":[{"count":7,"href":"https:\/\/calefaccionmeilan.es\/index.php\/wp-json\/wp\/v2\/pages\/1177\/revisions"}],"predecessor-version":[{"id":1254,"href":"https:\/\/calefaccionmeilan.es\/index.php\/wp-json\/wp\/v2\/pages\/1177\/revisions\/1254"}],"wp:attachment":[{"href":"https:\/\/calefaccionmeilan.es\/index.php\/wp-json\/wp\/v2\/media?parent=1177"}],"curies":[{"name":"wp","href":"https:\/\/api.w.org\/{rel}","templated":true}]}}