{"id":331,"date":"2017-09-05T15:26:06","date_gmt":"2017-09-05T15:26:06","guid":{"rendered":"http:\/\/calefaccion.avicavica.com\/?page_id=331"},"modified":"2024-07-28T09:37:28","modified_gmt":"2024-07-28T07:37:28","slug":"cocinas-2","status":"publish","type":"page","link":"https:\/\/calefaccionmeilan.es\/index.php\/calefaccion\/cocinas-2\/","title":{"rendered":"COCINAS DE LE\u00d1A"},"content":{"rendered":"<div id=\"pl-331\"  class=\"panel-layout\" ><div id=\"pg-331-0\"  class=\"panel-grid panel-no-style\" ><div id=\"pgc-331-0-0\"  class=\"panel-grid-cell\" ><div id=\"panel-331-0-0-0\" class=\"so-panel widget widget_sow-hero panel-first-child panel-last-child\" data-index=\"0\" ><div\n\t\t\t\n\t\t\tclass=\"so-widget-sow-hero so-widget-sow-hero-default-6e283e92799f-331 so-widget-fittext-wrapper\"\n\t\t\t data-fit-text-compressor=\"0.85\"\n\t\t>\t\t\t\t<div class=\"sow-slider-base\" style=\"display: none\" tabindex=\"0\">\n\t\t\t\t\t<ul\n\t\t\t\t\tclass=\"sow-slider-images\"\n\t\t\t\t\tdata-settings=\"{&quot;pagination&quot;:true,&quot;speed&quot;:800,&quot;timeout&quot;:8000,&quot;paused&quot;:false,&quot;pause_on_hover&quot;:false,&quot;swipe&quot;:true,&quot;nav_always_show_desktop&quot;:&quot;&quot;,&quot;nav_always_show_mobile&quot;:&quot;&quot;,&quot;breakpoint&quot;:&quot;780px&quot;,&quot;unmute&quot;:false,&quot;anchor&quot;:null}\"\n\t\t\t\t\t\t\t\t\t\tdata-anchor-id=\"\"\n\t\t\t\t>\t\t<li class=\"sow-slider-image  sow-slider-image-cover\" style=\"visibility: visible;;background-color: #333333;background-image: url(https:\/\/calefaccionmeilan.es\/wp-content\/uploads\/2018\/02\/CL-01.jpg)\" >\n\t\t\t\t\t<div class=\"sow-slider-image-container\">\n\t\t\t<div class=\"sow-slider-image-wrapper\">\n\t\t\t\t\t\t\t<\/div>\n\t\t<\/div>\n\t\t\t\t<\/li>\n\t\t<\/ul>\t\t\t\t<ol class=\"sow-slider-pagination\">\n\t\t\t\t\t\t\t\t\t\t\t<li><a href=\"#\" data-goto=\"0\" aria-label=\"mostrar diapositiva 1\"><\/a><\/li>\n\t\t\t\t\t\t\t\t\t<\/ol>\n\n\t\t\t\t<div class=\"sow-slide-nav sow-slide-nav-next\">\n\t\t\t\t\t<a href=\"#\" data-goto=\"next\" aria-label=\"diapositiva siguiente\" data-action=\"next\">\n\t\t\t\t\t\t<em class=\"sow-sld-icon-thin-right\"><\/em>\n\t\t\t\t\t<\/a>\n\t\t\t\t<\/div>\n\n\t\t\t\t<div class=\"sow-slide-nav sow-slide-nav-prev\">\n\t\t\t\t\t<a href=\"#\" data-goto=\"previous\" aria-label=\"diapositiva anterior\" data-action=\"prev\">\n\t\t\t\t\t\t<em class=\"sow-sld-icon-thin-left\"><\/em>\n\t\t\t\t\t<\/a>\n\t\t\t\t<\/div>\n\t\t\t\t<\/div><\/div><\/div><\/div><\/div><div id=\"pg-331-1\"  class=\"panel-grid panel-no-style\" ><div id=\"pgc-331-1-0\"  class=\"panel-grid-cell panel-grid-cell-empty\" ><\/div><div id=\"pgc-331-1-1\"  class=\"panel-grid-cell panel-grid-cell-mobile-last\" ><div id=\"panel-331-1-1-0\" class=\"so-panel widget widget_sow-editor panel-first-child panel-last-child\" data-index=\"1\" ><div\n\t\t\t\n\t\t\tclass=\"so-widget-sow-editor so-widget-sow-editor-base\"\n\t\t\t\n\t\t>\n<div class=\"siteorigin-widget-tinymce textwidget\">\n\t<p class=\"p1\"><span class=\"s1\">Las cl\u00e1sicas cocinas de le\u00f1a o bilba\u00ednas han adquirido una nueva dimensi\u00f3n en los \u00faltimos a\u00f1os. Estos aparatos se han \u201cmodernizado\u201d conservando su encanto original pero ofreciendo una <b>mayor rendimiento<\/b> que se ha traducido en un incremento en <b>confort y calidez<\/b> de los hogares.<\/span><\/p>\n<p class=\"p1\"><span class=\"s1\">Con este tipo de aparatos tambi\u00e9n puedes elegir entre modelos que te permitan <b>calentar y cocinar<\/b> en la estancia en la que est\u00e9n instaladas, o aprovechar su magn\u00edfico rendimiento para <b>producir calefacci\u00f3n y agua caliente<\/b> en el resto de tu hogar con nuestra selecci\u00f3n de <b>cocinas calefactoras.<\/b><\/span><\/p>\n<p class=\"p1\"><span class=\"s1\">En Calefacci\u00f3n Meil\u00e1n podemos ofrecerte en nuestra <b>enorme exposici\u00f3n<\/b> desde los modelos m\u00e1s r\u00fasticos y cl\u00e1sicos, hasta los modelos m\u00e1s modernos y actuales con plancha vitrocer\u00e1mica. Te ayudaremos a elegir el modelo que mejor se adec\u00fae a tus necesidades ya sea cocina de le\u00f1a normal o calefactora. Te ofrecemos una amplia selecci\u00f3n de los mejores fabricantes. Presupuesto sin compromiso! Somos instaladores expertos en estos equipos.<\/span><\/p>\n<\/div>\n<\/div><\/div><\/div><div id=\"pgc-331-1-2\"  class=\"panel-grid-cell panel-grid-cell-empty\" ><\/div><\/div><div id=\"pg-331-2\"  class=\"panel-grid panel-no-style\" ><div id=\"pgc-331-2-0\"  class=\"panel-grid-cell panel-grid-cell-empty\" ><\/div><div id=\"pgc-331-2-1\"  class=\"panel-grid-cell panel-grid-cell-mobile-last\" ><div id=\"panel-331-2-1-0\" class=\"so-panel widget widget_sow-post-carousel panel-first-child panel-last-child\" data-index=\"2\" ><div\n\t\t\t\n\t\t\tclass=\"so-widget-sow-post-carousel so-widget-sow-post-carousel-base-ad93eedad001-331\"\n\t\t\t\n\t\t>\t<div\n\t\tclass=\"sow-post-carousel-wrapper sow-post-carousel-theme-base\"\n\t\tstyle=\"overflow: hidden; max-width: 100%; min-height: 182px\"\n\t>\n\t\t<div class=\"sow-carousel-title\">\n\t\t\t<div class=\"sow-carousel-navigation \">\n\t\t\t\t\t\t<a href=\"#\" class=\"sow-carousel-next\" title=\"Siguiente\" aria-label=\"Entradas siguientes\" role=\"button\"><\/a>\n\t\t\t\t\t\t<a href=\"#\" class=\"sow-carousel-previous\" title=\"Anterior\" aria-label=\"Entradas anteriores\" role=\"button\"><\/a>\n\t\t\t\t\t<\/div>\n\t<\/div>\n\n<div class=\"sow-carousel-container \">\n\t\t<div class=\"sow-carousel-wrapper\"\n\t\tdata-dir=\"ltr\"\n\t\tstyle=\"opacity: 0;\"\n\t\tdata-widget=\"post\" data-fetching=\"false\" data-page=\"1\" data-ajax-url=\"https:\/\/calefaccionmeilan.es\/wp-admin\/admin-ajax.php?_widgets_nonce=daf8ffd60c\" data-item_count=\"3\" data-carousel_settings=\"{&quot;loop&quot;:true,&quot;animation&quot;:&quot;Ease&quot;,&quot;animation_speed&quot;:400,&quot;autoplay&quot;:&quot;&quot;,&quot;pauseOnHover&quot;:&quot;&quot;,&quot;autoplaySpeed&quot;:8000,&quot;item_overflow&quot;:true,&quot;autoplay_continuous_scroll&quot;:false}\" data-responsive=\"{&quot;desktop_slides_to_scroll&quot;:1,&quot;tablet_landscape_breakpoint&quot;:1366,&quot;tablet_landscape_slides_to_scroll&quot;:2,&quot;tablet_portrait_breakpoint&quot;:1025,&quot;tablet_portrait_slides_to_scroll&quot;:2,&quot;mobile_breakpoint&quot;:480,&quot;mobile_slides_to_scroll&quot;:1}\" data-variable_width=\"true\" \t>\n\t\t<div\n\t\t\tclass=\"sow-carousel-items\"\n\t\t\t\t\t>\n\t\t\t\t<div class=\"sow-carousel-item\" tabindex=\"-1\" style=\"float: left;\">\n\t\t<div class=\"sow-carousel-thumbnail\">\n\t\t\t\t\t\t\t<a\n\t\t\t\t\thref=\"https:\/\/calefaccionmeilan.es\/index.php\/2018\/03\/19\/rustica\/\"\n\t\t\t\t\t\t\t\t\t\tstyle=\"background-image: url( https:\/\/calefaccionmeilan.es\/wp-content\/uploads\/2018\/03\/Rustica71-272x182.png )\"\n\t\t\t\t\taria-labelledby=\"sow-carousel-id-922\"\n\t\t\t\t\ttabindex=\"-1\"\n\t\t\t\t>\n\t\t\t\t\t<span class=\"overlay\"><\/span>\n\t\t\t\t<\/a>\n\t\t\t\t\t<\/div>\n\t\t<h3 class=\"sow-carousel-item-title\">\n\t\t\t<a\n\t\t\t\thref=\"https:\/\/calefaccionmeilan.es\/index.php\/2018\/03\/19\/rustica\/\"\n\t\t\t\tid=\"sow-carousel-id-922\"\n\t\t\t\t\t\t\t\ttabindex=\"-1\"\n\t\t\t>\n\n\t\t\t\tRUSTICA\t\t\t<\/a>\n\t\t<\/h3>\n\t<\/div>\n\t\t<div class=\"sow-carousel-item\" tabindex=\"-1\" style=\"float: left;\">\n\t\t<div class=\"sow-carousel-thumbnail\">\n\t\t\t\t\t\t\t<a\n\t\t\t\t\thref=\"https:\/\/calefaccionmeilan.es\/index.php\/2018\/03\/19\/vulcano\/\"\n\t\t\t\t\t\t\t\t\t\tstyle=\"background-image: url( https:\/\/calefaccionmeilan.es\/wp-content\/uploads\/2018\/03\/Vulcano7T1-272x182.png )\"\n\t\t\t\t\taria-labelledby=\"sow-carousel-id-920\"\n\t\t\t\t\ttabindex=\"-1\"\n\t\t\t\t>\n\t\t\t\t\t<span class=\"overlay\"><\/span>\n\t\t\t\t<\/a>\n\t\t\t\t\t<\/div>\n\t\t<h3 class=\"sow-carousel-item-title\">\n\t\t\t<a\n\t\t\t\thref=\"https:\/\/calefaccionmeilan.es\/index.php\/2018\/03\/19\/vulcano\/\"\n\t\t\t\tid=\"sow-carousel-id-920\"\n\t\t\t\t\t\t\t\ttabindex=\"-1\"\n\t\t\t>\n\n\t\t\t\tVULCANO 7T\t\t\t<\/a>\n\t\t<\/h3>\n\t<\/div>\n\t\t<div class=\"sow-carousel-item\" tabindex=\"-1\" style=\"float: left;\">\n\t\t<div class=\"sow-carousel-thumbnail\">\n\t\t\t\t\t\t\t<a\n\t\t\t\t\thref=\"https:\/\/calefaccionmeilan.es\/index.php\/2018\/03\/19\/saja\/\"\n\t\t\t\t\t\t\t\t\t\tstyle=\"background-image: url( https:\/\/calefaccionmeilan.es\/wp-content\/uploads\/2018\/03\/Saja81-272x182.png )\"\n\t\t\t\t\taria-labelledby=\"sow-carousel-id-912\"\n\t\t\t\t\ttabindex=\"-1\"\n\t\t\t\t>\n\t\t\t\t\t<span class=\"overlay\"><\/span>\n\t\t\t\t<\/a>\n\t\t\t\t\t<\/div>\n\t\t<h3 class=\"sow-carousel-item-title\">\n\t\t\t<a\n\t\t\t\thref=\"https:\/\/calefaccionmeilan.es\/index.php\/2018\/03\/19\/saja\/\"\n\t\t\t\tid=\"sow-carousel-id-912\"\n\t\t\t\t\t\t\t\ttabindex=\"-1\"\n\t\t\t>\n\n\t\t\t\tSAJA 8\t\t\t<\/a>\n\t\t<\/h3>\n\t<\/div>\n\t\t\t<\/div>\n\t\t\t<\/div>\n\n\t<\/div>\n\t\t<input type=\"hidden\" name=\"instance_hash\" value=\"5f160491\"\/>\n\t<\/div>\n<\/div><\/div><\/div><div id=\"pgc-331-2-2\"  class=\"panel-grid-cell panel-grid-cell-empty\" ><\/div><\/div><\/div>","protected":false},"excerpt":{"rendered":"<p>Las cl\u00e1sicas cocinas de le\u00f1a o bilba\u00ednas han adquirido una nueva dimensi\u00f3n en los \u00faltimos a\u00f1os. Estos aparatos se han \u201cmodernizado\u201d conservando su encanto original pero ofreciendo una mayor rendimiento que se ha traducido en un incremento en confort y calidez de los hogares. Con este tipo de aparatos tambi\u00e9n puedes elegir entre modelos que te permitan calentar y cocinar en la estancia en la&hellip; <\/p>\n","protected":false},"author":1,"featured_media":0,"parent":316,"menu_order":0,"comment_status":"closed","ping_status":"closed","template":"","meta":{"footnotes":""},"class_list":["post-331","page","type-page","status-publish","hentry","clearfix"],"_links":{"self":[{"href":"https:\/\/calefaccionmeilan.es\/index.php\/wp-json\/wp\/v2\/pages\/331","targetHints":{"allow":["GET"]}}],"collection":[{"href":"https:\/\/calefaccionmeilan.es\/index.php\/wp-json\/wp\/v2\/pages"}],"about":[{"href":"https:\/\/calefaccionmeilan.es\/index.php\/wp-json\/wp\/v2\/types\/page"}],"author":[{"embeddable":true,"href":"https:\/\/calefaccionmeilan.es\/index.php\/wp-json\/wp\/v2\/users\/1"}],"replies":[{"embeddable":true,"href":"https:\/\/calefaccionmeilan.es\/index.php\/wp-json\/wp\/v2\/comments?post=331"}],"version-history":[{"count":8,"href":"https:\/\/calefaccionmeilan.es\/index.php\/wp-json\/wp\/v2\/pages\/331\/revisions"}],"predecessor-version":[{"id":1241,"href":"https:\/\/calefaccionmeilan.es\/index.php\/wp-json\/wp\/v2\/pages\/331\/revisions\/1241"}],"up":[{"embeddable":true,"href":"https:\/\/calefaccionmeilan.es\/index.php\/wp-json\/wp\/v2\/pages\/316"}],"wp:attachment":[{"href":"https:\/\/calefaccionmeilan.es\/index.php\/wp-json\/wp\/v2\/media?parent=331"}],"curies":[{"name":"wp","href":"https:\/\/api.w.org\/{rel}","templated":true}]}}