{"id":333,"date":"2017-09-05T15:26:52","date_gmt":"2017-09-05T15:26:52","guid":{"rendered":"http:\/\/calefaccion.avicavica.com\/?page_id=333"},"modified":"2024-07-28T09:37:28","modified_gmt":"2024-07-28T07:37:28","slug":"lena","status":"publish","type":"page","link":"https:\/\/calefaccionmeilan.es\/index.php\/calefaccion\/lena\/","title":{"rendered":"LE\u00d1A"},"content":{"rendered":"<div id=\"pl-333\"  class=\"panel-layout\" ><div id=\"pg-333-0\"  class=\"panel-grid panel-no-style\" ><div id=\"pgc-333-0-0\"  class=\"panel-grid-cell\" ><div id=\"panel-333-0-0-0\" class=\"so-panel widget widget_sow-hero panel-first-child panel-last-child\" data-index=\"0\" ><div\n\t\t\t\n\t\t\tclass=\"so-widget-sow-hero so-widget-sow-hero-default-6e283e92799f-333 so-widget-fittext-wrapper\"\n\t\t\t data-fit-text-compressor=\"0.85\"\n\t\t>\t\t\t\t<div class=\"sow-slider-base\" style=\"display: none\" tabindex=\"0\">\n\t\t\t\t\t<ul\n\t\t\t\t\tclass=\"sow-slider-images\"\n\t\t\t\t\tdata-settings=\"{&quot;pagination&quot;:true,&quot;speed&quot;:800,&quot;timeout&quot;:8000,&quot;paused&quot;:false,&quot;pause_on_hover&quot;:false,&quot;swipe&quot;:true,&quot;nav_always_show_desktop&quot;:&quot;&quot;,&quot;nav_always_show_mobile&quot;:&quot;&quot;,&quot;breakpoint&quot;:&quot;780px&quot;,&quot;unmute&quot;:false,&quot;anchor&quot;:null}\"\n\t\t\t\t\t\t\t\t\t\tdata-anchor-id=\"\"\n\t\t\t\t>\t\t<li class=\"sow-slider-image  sow-slider-image-cover\" style=\"visibility: visible;;background-color: #333333;background-image: url(https:\/\/calefaccionmeilan.es\/wp-content\/uploads\/2018\/02\/FUEGO.jpg)\" >\n\t\t\t\t\t<div class=\"sow-slider-image-container\">\n\t\t\t<div class=\"sow-slider-image-wrapper\">\n\t\t\t\t\t\t\t<\/div>\n\t\t<\/div>\n\t\t\t\t<\/li>\n\t\t<\/ul>\t\t\t\t<ol class=\"sow-slider-pagination\">\n\t\t\t\t\t\t\t\t\t\t\t<li><a href=\"#\" data-goto=\"0\" aria-label=\"mostrar diapositiva 1\"><\/a><\/li>\n\t\t\t\t\t\t\t\t\t<\/ol>\n\n\t\t\t\t<div class=\"sow-slide-nav sow-slide-nav-next\">\n\t\t\t\t\t<a href=\"#\" data-goto=\"next\" aria-label=\"diapositiva siguiente\" data-action=\"next\">\n\t\t\t\t\t\t<em class=\"sow-sld-icon-thin-right\"><\/em>\n\t\t\t\t\t<\/a>\n\t\t\t\t<\/div>\n\n\t\t\t\t<div class=\"sow-slide-nav sow-slide-nav-prev\">\n\t\t\t\t\t<a href=\"#\" data-goto=\"previous\" aria-label=\"diapositiva anterior\" data-action=\"prev\">\n\t\t\t\t\t\t<em class=\"sow-sld-icon-thin-left\"><\/em>\n\t\t\t\t\t<\/a>\n\t\t\t\t<\/div>\n\t\t\t\t<\/div><\/div><\/div><\/div><\/div><div id=\"pg-333-1\"  class=\"panel-grid panel-no-style\" ><div id=\"pgc-333-1-0\"  class=\"panel-grid-cell panel-grid-cell-empty\" ><\/div><div id=\"pgc-333-1-1\"  class=\"panel-grid-cell panel-grid-cell-mobile-last\" ><div id=\"panel-333-1-1-0\" class=\"so-panel widget widget_sow-editor panel-first-child panel-last-child\" data-index=\"1\" ><div\n\t\t\t\n\t\t\tclass=\"so-widget-sow-editor so-widget-sow-editor-base\"\n\t\t\t\n\t\t>\n<div class=\"siteorigin-widget-tinymce textwidget\">\n\t<p class=\"p1\"><span class=\"s1\">Son muchos los que se deciden por este <b>combustible econ\u00f3mico, sostenible y limpio<\/b> para calentar cualquier estancia de su hogar. Adem\u00e1s los aparatos de le\u00f1a resultan tambi\u00e9n un <b>elemento decorativo<\/b> perfecto en cualquier estancia.<\/span><\/p>\n<p class=\"p1\"><span class=\"s1\">Si te decides por instalar este tipo de biomasa, las opciones disponibles son muy variadas; desde estufas o insertables, a chimeneas, hornos de le\u00f1a o calderas de le\u00f1a. Con cualquiera de ellas disfrutar\u00e1s en tu hogar de una calidez \u00fanica.<\/span><\/p>\n<p class=\"p1\"><span class=\"s1\">La <b>instalaci\u00f3n<\/b> de estos aparatos por parte de nuestro experto equipo de profesionales es <b>r\u00e1pida y sencilla<\/b> y te proporcionar\u00e1 un ambiente c\u00e1lido y muy acogedor permiti\u00e9ndote disfrutar de la experiencia del fuego.<\/span><\/p>\n<p class=\"p1\"><span class=\"s1\">En Calefacci\u00f3n Meil\u00e1n tenemos en <b>exposici\u00f3n m\u00e1s de 100 aparatos<\/b> para que puedas elegir el estilo que mejor se adapte a tus necesidades; r\u00fasticos, modernos, insertables visi\u00f3n total, con horno integrado\u2026 con todas las garant\u00edas y de fabricaci\u00f3n nacional.<\/span><\/p>\n<p class=\"p1\"><span class=\"s1\">Escoge la opci\u00f3n que mejor se adapte a tus necesidades y p\u00eddenos presupuesto sin compromiso para su instalaci\u00f3n. Somos<b> empresa instaladora y distribuidor oficial<\/b> de las mejores marcas.<\/span><\/p>\n<p class=\"p1\"><span class=\"s1\">Te ofreceremos la mejor soluci\u00f3n para lograr un confort \u00f3ptimo si te decides por esta opci\u00f3n de calefacci\u00f3n.<\/span><\/p>\n<\/div>\n<\/div><\/div><\/div><div id=\"pgc-333-1-2\"  class=\"panel-grid-cell panel-grid-cell-empty\" ><\/div><\/div><div id=\"pg-333-2\"  class=\"panel-grid panel-no-style\" ><div id=\"pgc-333-2-0\"  class=\"panel-grid-cell panel-grid-cell-empty\" ><\/div><div id=\"pgc-333-2-1\"  class=\"panel-grid-cell panel-grid-cell-mobile-last\" ><div id=\"panel-333-2-1-0\" class=\"so-panel widget widget_sow-post-carousel panel-first-child\" data-index=\"2\" ><div\n\t\t\t\n\t\t\tclass=\"so-widget-sow-post-carousel so-widget-sow-post-carousel-base-ad93eedad001-333\"\n\t\t\t\n\t\t>\t<div\n\t\tclass=\"sow-post-carousel-wrapper sow-post-carousel-theme-base\"\n\t\tstyle=\"overflow: hidden; max-width: 100%; min-height: 182px\"\n\t>\n\t\t<div class=\"sow-carousel-title has-title\">\n\t<h3 class=\"widget-title\">Estufas de Le\u00f1a<\/h3>\t\t<div class=\"sow-carousel-navigation \">\n\t\t\t\t\t\t<a href=\"#\" class=\"sow-carousel-next\" title=\"Siguiente\" aria-label=\"Entradas siguientes\" role=\"button\"><\/a>\n\t\t\t\t\t\t<a href=\"#\" class=\"sow-carousel-previous\" title=\"Anterior\" aria-label=\"Entradas anteriores\" role=\"button\"><\/a>\n\t\t\t\t\t<\/div>\n\t<\/div>\n\n<div class=\"sow-carousel-container \">\n\t\t<div class=\"sow-carousel-wrapper\"\n\t\tdata-dir=\"ltr\"\n\t\tstyle=\"opacity: 0;\"\n\t\tdata-widget=\"post\" data-fetching=\"false\" data-page=\"1\" data-ajax-url=\"https:\/\/calefaccionmeilan.es\/wp-admin\/admin-ajax.php?_widgets_nonce=daf8ffd60c\" data-item_count=\"3\" data-carousel_settings=\"{&quot;loop&quot;:true,&quot;animation&quot;:&quot;Ease&quot;,&quot;animation_speed&quot;:400,&quot;autoplay&quot;:&quot;&quot;,&quot;pauseOnHover&quot;:&quot;&quot;,&quot;autoplaySpeed&quot;:8000,&quot;item_overflow&quot;:true,&quot;autoplay_continuous_scroll&quot;:false}\" data-responsive=\"{&quot;desktop_slides_to_scroll&quot;:1,&quot;tablet_landscape_breakpoint&quot;:1366,&quot;tablet_landscape_slides_to_scroll&quot;:2,&quot;tablet_portrait_breakpoint&quot;:1025,&quot;tablet_portrait_slides_to_scroll&quot;:2,&quot;mobile_breakpoint&quot;:480,&quot;mobile_slides_to_scroll&quot;:1}\" data-variable_width=\"true\" \t>\n\t\t<div\n\t\t\tclass=\"sow-carousel-items\"\n\t\t\t\t\t>\n\t\t\t\t<div class=\"sow-carousel-item\" tabindex=\"-1\" style=\"float: left;\">\n\t\t<div class=\"sow-carousel-thumbnail\">\n\t\t\t\t\t\t\t<a\n\t\t\t\t\thref=\"https:\/\/calefaccionmeilan.es\/index.php\/2018\/03\/19\/ordesa\/\"\n\t\t\t\t\t\t\t\t\t\tstyle=\"background-image: url( https:\/\/calefaccionmeilan.es\/wp-content\/uploads\/2018\/03\/Ordesa1-272x182.png )\"\n\t\t\t\t\taria-labelledby=\"sow-carousel-id-909\"\n\t\t\t\t\ttabindex=\"-1\"\n\t\t\t\t>\n\t\t\t\t\t<span class=\"overlay\"><\/span>\n\t\t\t\t<\/a>\n\t\t\t\t\t<\/div>\n\t\t<h3 class=\"sow-carousel-item-title\">\n\t\t\t<a\n\t\t\t\thref=\"https:\/\/calefaccionmeilan.es\/index.php\/2018\/03\/19\/ordesa\/\"\n\t\t\t\tid=\"sow-carousel-id-909\"\n\t\t\t\t\t\t\t\ttabindex=\"-1\"\n\t\t\t>\n\n\t\t\t\tORDESA\t\t\t<\/a>\n\t\t<\/h3>\n\t<\/div>\n\t\t<div class=\"sow-carousel-item\" tabindex=\"-1\" style=\"float: left;\">\n\t\t<div class=\"sow-carousel-thumbnail\">\n\t\t\t\t\t\t\t<a\n\t\t\t\t\thref=\"https:\/\/calefaccionmeilan.es\/index.php\/2018\/03\/19\/etna\/\"\n\t\t\t\t\t\t\t\t\t\tstyle=\"background-image: url( https:\/\/calefaccionmeilan.es\/wp-content\/uploads\/2018\/03\/Etna1-272x182.png )\"\n\t\t\t\t\taria-labelledby=\"sow-carousel-id-900\"\n\t\t\t\t\ttabindex=\"-1\"\n\t\t\t\t>\n\t\t\t\t\t<span class=\"overlay\"><\/span>\n\t\t\t\t<\/a>\n\t\t\t\t\t<\/div>\n\t\t<h3 class=\"sow-carousel-item-title\">\n\t\t\t<a\n\t\t\t\thref=\"https:\/\/calefaccionmeilan.es\/index.php\/2018\/03\/19\/etna\/\"\n\t\t\t\tid=\"sow-carousel-id-900\"\n\t\t\t\t\t\t\t\ttabindex=\"-1\"\n\t\t\t>\n\n\t\t\t\tETNA\t\t\t<\/a>\n\t\t<\/h3>\n\t<\/div>\n\t\t<div class=\"sow-carousel-item\" tabindex=\"-1\" style=\"float: left;\">\n\t\t<div class=\"sow-carousel-thumbnail\">\n\t\t\t\t\t\t\t<a\n\t\t\t\t\thref=\"https:\/\/calefaccionmeilan.es\/index.php\/2018\/03\/19\/glance-l\/\"\n\t\t\t\t\t\t\t\t\t\tstyle=\"background-image: url( https:\/\/calefaccionmeilan.es\/wp-content\/uploads\/2018\/03\/GlanceL1-272x182.png )\"\n\t\t\t\t\taria-labelledby=\"sow-carousel-id-849\"\n\t\t\t\t\ttabindex=\"-1\"\n\t\t\t\t>\n\t\t\t\t\t<span class=\"overlay\"><\/span>\n\t\t\t\t<\/a>\n\t\t\t\t\t<\/div>\n\t\t<h3 class=\"sow-carousel-item-title\">\n\t\t\t<a\n\t\t\t\thref=\"https:\/\/calefaccionmeilan.es\/index.php\/2018\/03\/19\/glance-l\/\"\n\t\t\t\tid=\"sow-carousel-id-849\"\n\t\t\t\t\t\t\t\ttabindex=\"-1\"\n\t\t\t>\n\n\t\t\t\tGLANCE L\t\t\t<\/a>\n\t\t<\/h3>\n\t<\/div>\n\t\t\t<\/div>\n\t\t\t<\/div>\n\n\t<\/div>\n\t\t<input type=\"hidden\" name=\"instance_hash\" value=\"9af91299\"\/>\n\t<\/div>\n<\/div><\/div><div id=\"panel-333-2-1-1\" class=\"so-panel widget widget_sow-post-carousel\" data-index=\"3\" ><div\n\t\t\t\n\t\t\tclass=\"so-widget-sow-post-carousel so-widget-sow-post-carousel-base-ad93eedad001-849\"\n\t\t\t\n\t\t>\t<div\n\t\tclass=\"sow-post-carousel-wrapper sow-post-carousel-theme-base\"\n\t\tstyle=\"overflow: hidden; max-width: 100%; min-height: 182px\"\n\t>\n\t\t<div class=\"sow-carousel-title has-title\">\n\t<h3 class=\"widget-title\">Insertables de Le\u00f1a<\/h3>\t\t<div class=\"sow-carousel-navigation \">\n\t\t\t\t\t\t<a href=\"#\" class=\"sow-carousel-next\" title=\"Siguiente\" aria-label=\"Entradas siguientes\" role=\"button\"><\/a>\n\t\t\t\t\t\t<a href=\"#\" class=\"sow-carousel-previous\" title=\"Anterior\" aria-label=\"Entradas anteriores\" role=\"button\"><\/a>\n\t\t\t\t\t<\/div>\n\t<\/div>\n\n<div class=\"sow-carousel-container \">\n\t\t<div class=\"sow-carousel-wrapper\"\n\t\tdata-dir=\"ltr\"\n\t\tstyle=\"opacity: 0;\"\n\t\tdata-widget=\"post\" data-fetching=\"false\" data-page=\"1\" data-ajax-url=\"https:\/\/calefaccionmeilan.es\/wp-admin\/admin-ajax.php?_widgets_nonce=daf8ffd60c\" data-item_count=\"3\" data-carousel_settings=\"{&quot;loop&quot;:true,&quot;animation&quot;:&quot;Ease&quot;,&quot;animation_speed&quot;:400,&quot;autoplay&quot;:&quot;&quot;,&quot;pauseOnHover&quot;:&quot;&quot;,&quot;autoplaySpeed&quot;:8000,&quot;item_overflow&quot;:true,&quot;autoplay_continuous_scroll&quot;:false}\" data-responsive=\"{&quot;desktop_slides_to_scroll&quot;:1,&quot;tablet_landscape_breakpoint&quot;:1366,&quot;tablet_landscape_slides_to_scroll&quot;:2,&quot;tablet_portrait_breakpoint&quot;:1025,&quot;tablet_portrait_slides_to_scroll&quot;:2,&quot;mobile_breakpoint&quot;:480,&quot;mobile_slides_to_scroll&quot;:1}\" data-variable_width=\"true\" \t>\n\t\t<div\n\t\t\tclass=\"sow-carousel-items\"\n\t\t\t\t\t>\n\t\t\t\t<div class=\"sow-carousel-item\" tabindex=\"-1\" style=\"float: left;\">\n\t\t<div class=\"sow-carousel-thumbnail\">\n\t\t\t\t\t\t\t<a\n\t\t\t\t\thref=\"https:\/\/calefaccionmeilan.es\/index.php\/2018\/03\/19\/londres-vision\/\"\n\t\t\t\t\t\t\t\t\t\tstyle=\"background-image: url( https:\/\/calefaccionmeilan.es\/wp-content\/uploads\/2018\/03\/LondresV1-272x182.png )\"\n\t\t\t\t\taria-labelledby=\"sow-carousel-id-896\"\n\t\t\t\t\ttabindex=\"-1\"\n\t\t\t\t>\n\t\t\t\t\t<span class=\"overlay\"><\/span>\n\t\t\t\t<\/a>\n\t\t\t\t\t<\/div>\n\t\t<h3 class=\"sow-carousel-item-title\">\n\t\t\t<a\n\t\t\t\thref=\"https:\/\/calefaccionmeilan.es\/index.php\/2018\/03\/19\/londres-vision\/\"\n\t\t\t\tid=\"sow-carousel-id-896\"\n\t\t\t\t\t\t\t\ttabindex=\"-1\"\n\t\t\t>\n\n\t\t\t\tLONDRES VISI\u00d3N\t\t\t<\/a>\n\t\t<\/h3>\n\t<\/div>\n\t\t<div class=\"sow-carousel-item\" tabindex=\"-1\" style=\"float: left;\">\n\t\t<div class=\"sow-carousel-thumbnail\">\n\t\t\t\t\t\t\t<a\n\t\t\t\t\thref=\"https:\/\/calefaccionmeilan.es\/index.php\/2018\/03\/19\/madrid-vision-2\/\"\n\t\t\t\t\t\t\t\t\t\tstyle=\"background-image: url( https:\/\/calefaccionmeilan.es\/wp-content\/uploads\/2018\/03\/CanadaV1-272x182.png )\"\n\t\t\t\t\taria-labelledby=\"sow-carousel-id-892\"\n\t\t\t\t\ttabindex=\"-1\"\n\t\t\t\t>\n\t\t\t\t\t<span class=\"overlay\"><\/span>\n\t\t\t\t<\/a>\n\t\t\t\t\t<\/div>\n\t\t<h3 class=\"sow-carousel-item-title\">\n\t\t\t<a\n\t\t\t\thref=\"https:\/\/calefaccionmeilan.es\/index.php\/2018\/03\/19\/madrid-vision-2\/\"\n\t\t\t\tid=\"sow-carousel-id-892\"\n\t\t\t\t\t\t\t\ttabindex=\"-1\"\n\t\t\t>\n\n\t\t\t\tCANADA VISI\u00d3N\t\t\t<\/a>\n\t\t<\/h3>\n\t<\/div>\n\t\t<div class=\"sow-carousel-item\" tabindex=\"-1\" style=\"float: left;\">\n\t\t<div class=\"sow-carousel-thumbnail\">\n\t\t\t\t\t\t\t<a\n\t\t\t\t\thref=\"https:\/\/calefaccionmeilan.es\/index.php\/2018\/03\/19\/madrid-vision\/\"\n\t\t\t\t\t\t\t\t\t\tstyle=\"background-image: url( https:\/\/calefaccionmeilan.es\/wp-content\/uploads\/2018\/03\/MadridV1-272x182.png )\"\n\t\t\t\t\taria-labelledby=\"sow-carousel-id-871\"\n\t\t\t\t\ttabindex=\"-1\"\n\t\t\t\t>\n\t\t\t\t\t<span class=\"overlay\"><\/span>\n\t\t\t\t<\/a>\n\t\t\t\t\t<\/div>\n\t\t<h3 class=\"sow-carousel-item-title\">\n\t\t\t<a\n\t\t\t\thref=\"https:\/\/calefaccionmeilan.es\/index.php\/2018\/03\/19\/madrid-vision\/\"\n\t\t\t\tid=\"sow-carousel-id-871\"\n\t\t\t\t\t\t\t\ttabindex=\"-1\"\n\t\t\t>\n\n\t\t\t\tMADRID VISI\u00d3N\t\t\t<\/a>\n\t\t<\/h3>\n\t<\/div>\n\t\t\t<\/div>\n\t\t\t<\/div>\n\n\t<\/div>\n\t\t<input type=\"hidden\" name=\"instance_hash\" value=\"c5a72123\"\/>\n\t<\/div>\n<\/div><\/div><div id=\"panel-333-2-1-2\" class=\"so-panel widget widget_sow-post-carousel\" data-index=\"4\" ><div\n\t\t\t\n\t\t\tclass=\"so-widget-sow-post-carousel so-widget-sow-post-carousel-base-ad93eedad001-871\"\n\t\t\t\n\t\t>\t<div\n\t\tclass=\"sow-post-carousel-wrapper sow-post-carousel-theme-base\"\n\t\tstyle=\"overflow: hidden; max-width: 100%; min-height: 182px\"\n\t>\n\t\t<div class=\"sow-carousel-title has-title\">\n\t<h3 class=\"widget-title\">Chimeneas de Le\u00f1a<\/h3>\t\t<div class=\"sow-carousel-navigation \">\n\t\t\t\t\t\t<a href=\"#\" class=\"sow-carousel-next\" title=\"Siguiente\" aria-label=\"Entradas siguientes\" role=\"button\"><\/a>\n\t\t\t\t\t\t<a href=\"#\" class=\"sow-carousel-previous\" title=\"Anterior\" aria-label=\"Entradas anteriores\" role=\"button\"><\/a>\n\t\t\t\t\t<\/div>\n\t<\/div>\n\n<div class=\"sow-carousel-container \">\n\t\t<div class=\"sow-carousel-wrapper\"\n\t\tdata-dir=\"ltr\"\n\t\tstyle=\"opacity: 0;\"\n\t\tdata-widget=\"post\" data-fetching=\"false\" data-page=\"1\" data-ajax-url=\"https:\/\/calefaccionmeilan.es\/wp-admin\/admin-ajax.php?_widgets_nonce=daf8ffd60c\" data-item_count=\"3\" data-carousel_settings=\"{&quot;loop&quot;:true,&quot;animation&quot;:&quot;Ease&quot;,&quot;animation_speed&quot;:400,&quot;autoplay&quot;:&quot;&quot;,&quot;pauseOnHover&quot;:&quot;&quot;,&quot;autoplaySpeed&quot;:8000,&quot;item_overflow&quot;:true,&quot;autoplay_continuous_scroll&quot;:false}\" data-responsive=\"{&quot;desktop_slides_to_scroll&quot;:1,&quot;tablet_landscape_breakpoint&quot;:1366,&quot;tablet_landscape_slides_to_scroll&quot;:2,&quot;tablet_portrait_breakpoint&quot;:1025,&quot;tablet_portrait_slides_to_scroll&quot;:2,&quot;mobile_breakpoint&quot;:480,&quot;mobile_slides_to_scroll&quot;:1}\" data-variable_width=\"true\" \t>\n\t\t<div\n\t\t\tclass=\"sow-carousel-items\"\n\t\t\t\t\t>\n\t\t\t\t<div class=\"sow-carousel-item\" tabindex=\"-1\" style=\"float: left;\">\n\t\t<div class=\"sow-carousel-thumbnail\">\n\t\t\t\t\t\t\t<a\n\t\t\t\t\thref=\"https:\/\/calefaccionmeilan.es\/index.php\/2018\/03\/19\/hydro-3-2\/\"\n\t\t\t\t\t\t\t\t\t\tstyle=\"background-image: url( https:\/\/calefaccionmeilan.es\/wp-content\/uploads\/2018\/03\/Mallorca1-272x182.png )\"\n\t\t\t\t\taria-labelledby=\"sow-carousel-id-964\"\n\t\t\t\t\ttabindex=\"-1\"\n\t\t\t\t>\n\t\t\t\t\t<span class=\"overlay\"><\/span>\n\t\t\t\t<\/a>\n\t\t\t\t\t<\/div>\n\t\t<h3 class=\"sow-carousel-item-title\">\n\t\t\t<a\n\t\t\t\thref=\"https:\/\/calefaccionmeilan.es\/index.php\/2018\/03\/19\/hydro-3-2\/\"\n\t\t\t\tid=\"sow-carousel-id-964\"\n\t\t\t\t\t\t\t\ttabindex=\"-1\"\n\t\t\t>\n\n\t\t\t\tMALLORCA\t\t\t<\/a>\n\t\t<\/h3>\n\t<\/div>\n\t\t<div class=\"sow-carousel-item\" tabindex=\"-1\" style=\"float: left;\">\n\t\t<div class=\"sow-carousel-thumbnail\">\n\t\t\t\t\t\t\t<a\n\t\t\t\t\thref=\"https:\/\/calefaccionmeilan.es\/index.php\/2018\/03\/19\/hydro-3\/\"\n\t\t\t\t\t\t\t\t\t\tstyle=\"background-image: url( https:\/\/calefaccionmeilan.es\/wp-content\/uploads\/2018\/03\/Lisboa1-272x182.png )\"\n\t\t\t\t\taria-labelledby=\"sow-carousel-id-961\"\n\t\t\t\t\ttabindex=\"-1\"\n\t\t\t\t>\n\t\t\t\t\t<span class=\"overlay\"><\/span>\n\t\t\t\t<\/a>\n\t\t\t\t\t<\/div>\n\t\t<h3 class=\"sow-carousel-item-title\">\n\t\t\t<a\n\t\t\t\thref=\"https:\/\/calefaccionmeilan.es\/index.php\/2018\/03\/19\/hydro-3\/\"\n\t\t\t\tid=\"sow-carousel-id-961\"\n\t\t\t\t\t\t\t\ttabindex=\"-1\"\n\t\t\t>\n\n\t\t\t\tLISBOA\t\t\t<\/a>\n\t\t<\/h3>\n\t<\/div>\n\t\t<div class=\"sow-carousel-item\" tabindex=\"-1\" style=\"float: left;\">\n\t\t<div class=\"sow-carousel-thumbnail\">\n\t\t\t\t\t\t\t<a\n\t\t\t\t\thref=\"https:\/\/calefaccionmeilan.es\/index.php\/2018\/03\/19\/hydro\/\"\n\t\t\t\t\t\t\t\t\t\tstyle=\"background-image: url( https:\/\/calefaccionmeilan.es\/wp-content\/uploads\/2018\/03\/India1-272x182.png )\"\n\t\t\t\t\taria-labelledby=\"sow-carousel-id-951\"\n\t\t\t\t\ttabindex=\"-1\"\n\t\t\t\t>\n\t\t\t\t\t<span class=\"overlay\"><\/span>\n\t\t\t\t<\/a>\n\t\t\t\t\t<\/div>\n\t\t<h3 class=\"sow-carousel-item-title\">\n\t\t\t<a\n\t\t\t\thref=\"https:\/\/calefaccionmeilan.es\/index.php\/2018\/03\/19\/hydro\/\"\n\t\t\t\tid=\"sow-carousel-id-951\"\n\t\t\t\t\t\t\t\ttabindex=\"-1\"\n\t\t\t>\n\n\t\t\t\tINDIA\t\t\t<\/a>\n\t\t<\/h3>\n\t<\/div>\n\t\t\t<\/div>\n\t\t\t<\/div>\n\n\t<\/div>\n\t\t<input type=\"hidden\" name=\"instance_hash\" value=\"f4d5ddf2\"\/>\n\t<\/div>\n<\/div><\/div><div id=\"panel-333-2-1-3\" class=\"so-panel widget widget_sow-post-carousel\" data-index=\"5\" ><div\n\t\t\t\n\t\t\tclass=\"so-widget-sow-post-carousel so-widget-sow-post-carousel-base-ad93eedad001-951\"\n\t\t\t\n\t\t><\/div><\/div><div id=\"panel-333-2-1-4\" class=\"so-panel widget widget_sow-post-carousel panel-last-child\" data-index=\"6\" ><div\n\t\t\t\n\t\t\tclass=\"so-widget-sow-post-carousel so-widget-sow-post-carousel-base-ad93eedad001-951\"\n\t\t\t\n\t\t>\t<div\n\t\tclass=\"sow-post-carousel-wrapper sow-post-carousel-theme-base\"\n\t\tstyle=\"overflow: hidden; max-width: 100%; min-height: 182px\"\n\t>\n\t\t<div class=\"sow-carousel-title has-title\">\n\t<h3 class=\"widget-title\">Calderas de Le\u00f1a<\/h3>\t\t<div class=\"sow-carousel-navigation \">\n\t\t\t\t\t\t<a href=\"#\" class=\"sow-carousel-next\" title=\"Siguiente\" aria-label=\"Entradas siguientes\" role=\"button\"><\/a>\n\t\t\t\t\t\t<a href=\"#\" class=\"sow-carousel-previous\" title=\"Anterior\" aria-label=\"Entradas anteriores\" role=\"button\"><\/a>\n\t\t\t\t\t<\/div>\n\t<\/div>\n\n<div class=\"sow-carousel-container \">\n\t\t<div class=\"sow-carousel-wrapper\"\n\t\tdata-dir=\"ltr\"\n\t\tstyle=\"opacity: 0;\"\n\t\tdata-widget=\"post\" data-fetching=\"false\" data-page=\"1\" data-ajax-url=\"https:\/\/calefaccionmeilan.es\/wp-admin\/admin-ajax.php?_widgets_nonce=daf8ffd60c\" data-item_count=\"1\" data-carousel_settings=\"{&quot;loop&quot;:true,&quot;animation&quot;:&quot;Ease&quot;,&quot;animation_speed&quot;:400,&quot;autoplay&quot;:&quot;&quot;,&quot;pauseOnHover&quot;:&quot;&quot;,&quot;autoplaySpeed&quot;:8000,&quot;item_overflow&quot;:true,&quot;autoplay_continuous_scroll&quot;:false}\" data-responsive=\"{&quot;desktop_slides_to_scroll&quot;:1,&quot;tablet_landscape_breakpoint&quot;:1366,&quot;tablet_landscape_slides_to_scroll&quot;:2,&quot;tablet_portrait_breakpoint&quot;:1025,&quot;tablet_portrait_slides_to_scroll&quot;:2,&quot;mobile_breakpoint&quot;:480,&quot;mobile_slides_to_scroll&quot;:1}\" data-variable_width=\"true\" \t>\n\t\t<div\n\t\t\tclass=\"sow-carousel-items\"\n\t\t\t\t\t>\n\t\t\t\t<div class=\"sow-carousel-item\" tabindex=\"-1\" style=\"float: left;\">\n\t\t<div class=\"sow-carousel-thumbnail\">\n\t\t\t\t\t\t\t<a\n\t\t\t\t\thref=\"https:\/\/calefaccionmeilan.es\/index.php\/2018\/03\/19\/hydro-2\/\"\n\t\t\t\t\t\t\t\t\t\tstyle=\"background-image: url( https:\/\/calefaccionmeilan.es\/wp-content\/uploads\/2018\/03\/HydroBronpi1-272x182.png )\"\n\t\t\t\t\taria-labelledby=\"sow-carousel-id-948\"\n\t\t\t\t\ttabindex=\"-1\"\n\t\t\t\t>\n\t\t\t\t\t<span class=\"overlay\"><\/span>\n\t\t\t\t<\/a>\n\t\t\t\t\t<\/div>\n\t\t<h3 class=\"sow-carousel-item-title\">\n\t\t\t<a\n\t\t\t\thref=\"https:\/\/calefaccionmeilan.es\/index.php\/2018\/03\/19\/hydro-2\/\"\n\t\t\t\tid=\"sow-carousel-id-948\"\n\t\t\t\t\t\t\t\ttabindex=\"-1\"\n\t\t\t>\n\n\t\t\t\tHYDRO Bronpi\t\t\t<\/a>\n\t\t<\/h3>\n\t<\/div>\n\t\t\t<\/div>\n\t\t\t<\/div>\n\n\t<\/div>\n\t\t<input type=\"hidden\" name=\"instance_hash\" value=\"6d5a51fd\"\/>\n\t<\/div>\n<\/div><\/div><\/div><div id=\"pgc-333-2-2\"  class=\"panel-grid-cell panel-grid-cell-empty\" ><\/div><\/div><\/div>","protected":false},"excerpt":{"rendered":"<p>Son muchos los que se deciden por este combustible econ\u00f3mico, sostenible y limpio para calentar cualquier estancia de su hogar. Adem\u00e1s los aparatos de le\u00f1a resultan tambi\u00e9n un elemento decorativo perfecto en cualquier estancia. Si te decides por instalar este tipo de biomasa, las opciones disponibles son muy variadas; desde estufas o insertables, a chimeneas, hornos de le\u00f1a o calderas de le\u00f1a. Con cualquiera de&hellip; <\/p>\n","protected":false},"author":1,"featured_media":0,"parent":316,"menu_order":0,"comment_status":"closed","ping_status":"closed","template":"","meta":{"footnotes":""},"class_list":["post-333","page","type-page","status-publish","hentry","clearfix"],"_links":{"self":[{"href":"https:\/\/calefaccionmeilan.es\/index.php\/wp-json\/wp\/v2\/pages\/333","targetHints":{"allow":["GET"]}}],"collection":[{"href":"https:\/\/calefaccionmeilan.es\/index.php\/wp-json\/wp\/v2\/pages"}],"about":[{"href":"https:\/\/calefaccionmeilan.es\/index.php\/wp-json\/wp\/v2\/types\/page"}],"author":[{"embeddable":true,"href":"https:\/\/calefaccionmeilan.es\/index.php\/wp-json\/wp\/v2\/users\/1"}],"replies":[{"embeddable":true,"href":"https:\/\/calefaccionmeilan.es\/index.php\/wp-json\/wp\/v2\/comments?post=333"}],"version-history":[{"count":32,"href":"https:\/\/calefaccionmeilan.es\/index.php\/wp-json\/wp\/v2\/pages\/333\/revisions"}],"predecessor-version":[{"id":1240,"href":"https:\/\/calefaccionmeilan.es\/index.php\/wp-json\/wp\/v2\/pages\/333\/revisions\/1240"}],"up":[{"embeddable":true,"href":"https:\/\/calefaccionmeilan.es\/index.php\/wp-json\/wp\/v2\/pages\/316"}],"wp:attachment":[{"href":"https:\/\/calefaccionmeilan.es\/index.php\/wp-json\/wp\/v2\/media?parent=333"}],"curies":[{"name":"wp","href":"https:\/\/api.w.org\/{rel}","templated":true}]}}