{"id":336,"date":"2017-09-05T15:27:20","date_gmt":"2017-09-05T15:27:20","guid":{"rendered":"http:\/\/calefaccion.avicavica.com\/?page_id=336"},"modified":"2024-07-28T09:37:28","modified_gmt":"2024-07-28T07:37:28","slug":"bomba-de-calor","status":"publish","type":"page","link":"https:\/\/calefaccionmeilan.es\/index.php\/calefaccion\/bomba-de-calor\/","title":{"rendered":"BOMBA DE CALOR"},"content":{"rendered":"<div id=\"pl-336\"  class=\"panel-layout\" ><div id=\"pg-336-0\"  class=\"panel-grid panel-no-style\" ><div id=\"pgc-336-0-0\"  class=\"panel-grid-cell\" ><div id=\"panel-336-0-0-0\" class=\"so-panel widget widget_sow-hero panel-first-child panel-last-child\" data-index=\"0\" ><div\n\t\t\t\n\t\t\tclass=\"so-widget-sow-hero so-widget-sow-hero-default-6e283e92799f-336 so-widget-fittext-wrapper\"\n\t\t\t data-fit-text-compressor=\"0.85\"\n\t\t>\t\t\t\t<div class=\"sow-slider-base\" style=\"display: none\" tabindex=\"0\">\n\t\t\t\t\t<ul\n\t\t\t\t\tclass=\"sow-slider-images\"\n\t\t\t\t\tdata-settings=\"{&quot;pagination&quot;:true,&quot;speed&quot;:800,&quot;timeout&quot;:8000,&quot;paused&quot;:false,&quot;pause_on_hover&quot;:false,&quot;swipe&quot;:true,&quot;nav_always_show_desktop&quot;:&quot;&quot;,&quot;nav_always_show_mobile&quot;:&quot;&quot;,&quot;breakpoint&quot;:&quot;780px&quot;,&quot;unmute&quot;:false,&quot;anchor&quot;:null}\"\n\t\t\t\t\t\t\t\t\t\tdata-anchor-id=\"\"\n\t\t\t\t>\t\t<li class=\"sow-slider-image  sow-slider-image-cover\" style=\"visibility: visible;;background-color: #333333;background-image: url(https:\/\/calefaccionmeilan.es\/wp-content\/uploads\/2017\/04\/COLDAIR-1.jpg)\" >\n\t\t\t\t\t<div class=\"sow-slider-image-container\">\n\t\t\t<div class=\"sow-slider-image-wrapper\">\n\t\t\t\t\t\t\t<\/div>\n\t\t<\/div>\n\t\t\t\t<\/li>\n\t\t<\/ul>\t\t\t\t<ol class=\"sow-slider-pagination\">\n\t\t\t\t\t\t\t\t\t\t\t<li><a href=\"#\" data-goto=\"0\" aria-label=\"mostrar diapositiva 1\"><\/a><\/li>\n\t\t\t\t\t\t\t\t\t<\/ol>\n\n\t\t\t\t<div class=\"sow-slide-nav sow-slide-nav-next\">\n\t\t\t\t\t<a href=\"#\" data-goto=\"next\" aria-label=\"diapositiva siguiente\" data-action=\"next\">\n\t\t\t\t\t\t<em class=\"sow-sld-icon-thin-right\"><\/em>\n\t\t\t\t\t<\/a>\n\t\t\t\t<\/div>\n\n\t\t\t\t<div class=\"sow-slide-nav sow-slide-nav-prev\">\n\t\t\t\t\t<a href=\"#\" data-goto=\"previous\" aria-label=\"diapositiva anterior\" data-action=\"prev\">\n\t\t\t\t\t\t<em class=\"sow-sld-icon-thin-left\"><\/em>\n\t\t\t\t\t<\/a>\n\t\t\t\t<\/div>\n\t\t\t\t<\/div><\/div><\/div><\/div><\/div><div id=\"pg-336-1\"  class=\"panel-grid panel-no-style\" ><div id=\"pgc-336-1-0\"  class=\"panel-grid-cell panel-grid-cell-empty\" ><\/div><div id=\"pgc-336-1-1\"  class=\"panel-grid-cell panel-grid-cell-mobile-last\" ><div id=\"panel-336-1-1-0\" class=\"so-panel widget widget_sow-editor panel-first-child panel-last-child\" data-index=\"1\" ><div\n\t\t\t\n\t\t\tclass=\"so-widget-sow-editor so-widget-sow-editor-base\"\n\t\t\t\n\t\t>\n<div class=\"siteorigin-widget-tinymce textwidget\">\n\t<blockquote>\n<p class=\"p1\"><span class=\"s1\">En calefacci\u00f3n Meil\u00e1n contamos con mucha experiencia, hemos apostado por la <strong>bomba de calor<\/strong> (aerot\u00e9rmica y geot\u00e9rmica) desde hace\u00a0 a\u00f1os. <\/span><\/p>\n<\/blockquote>\n<p class=\"p1\"><span class=\"s1\">Esta reconocida como una <b>energ\u00eda renovable<\/b> debido a su <b>alt\u00edsimo rendimiento<\/b>. Adem\u00e1s nos ofrece ciertas ventajas frente a otros sistema de calefacci\u00f3n. Es una <b>energ\u00eda limpia<\/b> ya que no se producen gases, no hay ning\u00fan tipo de combusti\u00f3n. <span class=\"Apple-converted-space\">\u00a0 <\/span>Es muy c\u00f3modo y el mantenimiento es pr\u00e1cticamente nulo. Genera un ambiente en nuestro hogar confortable que gestionamos a traves de un termostato o centralita. Nos ofrece <b>calefacci\u00f3n las 24h<\/b> del d\u00eda a un bajo coste.<\/span><\/p>\n<p class=\"p3\"><span class=\"s1\">Una bomba de calor es un equipo t\u00e9rmico que permite transferir energ\u00eda en forma de calor de un ambiente a otro, seg\u00fan se requiera. Este proceso se consigue a trav\u00e9s del cambio de estado de gas a l\u00edquido de un fluido refrigerante por medio de la temperatura ambiente y con ayuda de un compresor.<br \/>\nSu mecanismo se basa en un ciclo de refrigeraci\u00f3n reversible, es decir, son capaces de aportar calor y calentar el agua sanitaria, as\u00ed como, dependiendo de las necesidades, aportar fr\u00edo a un espacio.<\/span><\/p>\n<p class=\"p3\"><span class=\"s1\">Como sistema de calefacci\u00f3n su funcionamiento se basa en absorber el calor del aire exterior y transportarlo hacia el espacio interior.<\/span><\/p>\n<p class=\"p3\"><span class=\"s1\">Las bombas de calor suelen estar formadas por dos elementos: el grupo bomba de calor, que, a su vez tambi\u00e9n puede estar formada por unidad exterior e interior y el dep\u00f3sito de acumulaci\u00f3n de ACS. Ambos elementos est\u00e1n unidos por un circuito compuesto del evaporador, un compresor, un condensador y una v\u00e1lvula de expansi\u00f3n.<\/span><\/p>\n<p class=\"p3\"><span class=\"s1\">La principal ventaja de usar la bomba de calor reside en su capacidad de suministrar m\u00e1s energ\u00eda \u00fatil (en forma de calor) de la que utiliza para su funcionamiento (energ\u00eda el\u00e9ctrica), pudiendo llegar a producir un <b>ahorro del 70%<\/b> respecto a un sistema de calefacci\u00f3n tradicional tradicional como gas, electricidad o gas\u00f3leo.<\/span><\/p>\n<p class=\"p3\"><span class=\"s1\">Es adem\u00e1s de un <b>sistema ecol\u00f3gico<\/b>, el sistema de calefacci\u00f3n m\u00e1s <b>eficiente<\/b> ya que el consumo de energ\u00eda es muy reducido en comparaci\u00f3n con el <b>alto rendimiento<\/b> que ofrecen estos aparatos.<\/span><\/p>\n<p class=\"p3\"><span class=\"s1\">En cuanto a los tipos de bombas de calor, podemos diferenciar entre cuatro:<\/span><\/p>\n<blockquote>\n<p class=\"p3\"><span class=\"s1\"><strong>Bomba a calor aire-aire<\/strong>: Estas bombas de calor pueden aprovechar el intercambio entre dos elementos iguales generando la liberaci\u00f3n o ganancia de calor entre un recinto cerrado y el exterior, generalmente son las que encontramos en funcionamiento en los climatizadores de ambiente.<\/span><\/p>\n<\/blockquote>\n<blockquote>\n<p class=\"p3\"><span class=\"s1\"><strong>Bomba a calor aire-agua (aerot\u00e9rmia):<\/strong> Absorben el aire del ambiente y generan un intercambio entre el mismo y el agua, restando calor al ambiente y entreg\u00e1ndoselo al l\u00edquido<\/span><\/p>\n<\/blockquote>\n<blockquote>\n<p class=\"p3\"><span class=\"s1\"><strong>Bomba a calor agua-agua:<\/strong> Requiere de algunas caracter\u00edsticas como la existencia de aguas subterr\u00e1neas, las cuales tengan una temperatura constante de entre 7\u00baC y 12\u00baC todo el a\u00f1o. La bomba intercambia calor entre esta agua subterr\u00e1nea y la red de agua de la casa.<\/span><\/p>\n<\/blockquote>\n<blockquote>\n<p class=\"p3\"><span class=\"s1\"><strong>Bombas de calor geot\u00e9rmicas:<\/strong> Estas bombas de calor extraen el calor contenido en el subsuelo, suelen ser realmente agua-agua, pero al realizar el intercambio contra el subsuelo (temperatura pr\u00e1cticamente constante), aportan rendimientos elevad\u00edsimos, tienen el inconveniente de la instalaci\u00f3n, aunque, luego de su puesta a punto generan mayor rentabilidad que cualquier otra, pero su precio y requisitos son sus condicionantes.<\/span><\/p>\n<\/blockquote>\n<p class=\"p3\"><span class=\"s1\">Este sistema es, hoy por hoy, el sistema de calefacci\u00f3n m\u00e1s eficiente ya que el <b>consumo de energ\u00eda es reducido<\/b> en comparaci\u00f3n con el alto rendimiento que ofrecen estos aparatos.<\/span><\/p>\n<\/div>\n<\/div><\/div><\/div><div id=\"pgc-336-1-2\"  class=\"panel-grid-cell panel-grid-cell-empty\" ><\/div><\/div><div id=\"pg-336-2\"  class=\"panel-grid panel-no-style\" ><div id=\"pgc-336-2-0\"  class=\"panel-grid-cell panel-grid-cell-empty\" ><\/div><div id=\"pgc-336-2-1\"  class=\"panel-grid-cell panel-grid-cell-mobile-last\" ><div id=\"panel-336-2-1-0\" class=\"so-panel widget widget_sow-post-carousel panel-first-child panel-last-child\" data-index=\"2\" ><div\n\t\t\t\n\t\t\tclass=\"so-widget-sow-post-carousel so-widget-sow-post-carousel-base-ad93eedad001-336\"\n\t\t\t\n\t\t>\t<div\n\t\tclass=\"sow-post-carousel-wrapper sow-post-carousel-theme-base\"\n\t\tstyle=\"overflow: hidden; max-width: 100%; min-height: 182px\"\n\t>\n\t\t<div class=\"sow-carousel-title\">\n\t\t\t<div class=\"sow-carousel-navigation \">\n\t\t\t\t\t\t<a href=\"#\" class=\"sow-carousel-next\" title=\"Siguiente\" aria-label=\"Entradas siguientes\" role=\"button\"><\/a>\n\t\t\t\t\t\t<a href=\"#\" class=\"sow-carousel-previous\" title=\"Anterior\" aria-label=\"Entradas anteriores\" role=\"button\"><\/a>\n\t\t\t\t\t<\/div>\n\t<\/div>\n\n<div class=\"sow-carousel-container \">\n\t\t<div class=\"sow-carousel-wrapper\"\n\t\tdata-dir=\"ltr\"\n\t\tstyle=\"opacity: 0;\"\n\t\tdata-widget=\"post\" data-fetching=\"false\" data-page=\"1\" data-ajax-url=\"https:\/\/calefaccionmeilan.es\/wp-admin\/admin-ajax.php?_widgets_nonce=daf8ffd60c\" data-item_count=\"5\" data-carousel_settings=\"{&quot;loop&quot;:true,&quot;animation&quot;:&quot;Ease&quot;,&quot;animation_speed&quot;:400,&quot;autoplay&quot;:&quot;&quot;,&quot;pauseOnHover&quot;:&quot;&quot;,&quot;autoplaySpeed&quot;:8000,&quot;item_overflow&quot;:true,&quot;autoplay_continuous_scroll&quot;:false}\" data-responsive=\"{&quot;desktop_slides_to_scroll&quot;:1,&quot;tablet_landscape_breakpoint&quot;:1366,&quot;tablet_landscape_slides_to_scroll&quot;:2,&quot;tablet_portrait_breakpoint&quot;:1025,&quot;tablet_portrait_slides_to_scroll&quot;:2,&quot;mobile_breakpoint&quot;:480,&quot;mobile_slides_to_scroll&quot;:1}\" data-variable_width=\"true\" \t>\n\t\t<div\n\t\t\tclass=\"sow-carousel-items\"\n\t\t\t\t\t>\n\t\t\t\t<div class=\"sow-carousel-item\" tabindex=\"-1\" style=\"float: left;\">\n\t\t<div class=\"sow-carousel-thumbnail\">\n\t\t\t\t\t\t\t<a\n\t\t\t\t\thref=\"https:\/\/calefaccionmeilan.es\/index.php\/2018\/03\/19\/bmb\/\"\n\t\t\t\t\t\t\t\t\t\tstyle=\"background-image: url( https:\/\/calefaccionmeilan.es\/wp-content\/uploads\/2018\/03\/bomba-calor1-272x182.png )\"\n\t\t\t\t\taria-labelledby=\"sow-carousel-id-1010\"\n\t\t\t\t\ttabindex=\"-1\"\n\t\t\t\t>\n\t\t\t\t\t<span class=\"overlay\"><\/span>\n\t\t\t\t<\/a>\n\t\t\t\t\t<\/div>\n\t\t<h3 class=\"sow-carousel-item-title\">\n\t\t\t<a\n\t\t\t\thref=\"https:\/\/calefaccionmeilan.es\/index.php\/2018\/03\/19\/bmb\/\"\n\t\t\t\tid=\"sow-carousel-id-1010\"\n\t\t\t\t\t\t\t\ttabindex=\"-1\"\n\t\t\t>\n\n\t\t\t\tBOMBA DE CALOR\t\t\t<\/a>\n\t\t<\/h3>\n\t<\/div>\n\t\t<div class=\"sow-carousel-item\" tabindex=\"-1\" style=\"float: left;\">\n\t\t<div class=\"sow-carousel-thumbnail\">\n\t\t\t\t\t\t\t<a\n\t\t\t\t\thref=\"https:\/\/calefaccionmeilan.es\/index.php\/2018\/03\/19\/bmb-2\/\"\n\t\t\t\t\t\t\t\t\t\tstyle=\"background-image: url( https:\/\/calefaccionmeilan.es\/wp-content\/uploads\/2018\/03\/bomba-calor2-272x182.png )\"\n\t\t\t\t\taria-labelledby=\"sow-carousel-id-1021\"\n\t\t\t\t\ttabindex=\"-1\"\n\t\t\t\t>\n\t\t\t\t\t<span class=\"overlay\"><\/span>\n\t\t\t\t<\/a>\n\t\t\t\t\t<\/div>\n\t\t<h3 class=\"sow-carousel-item-title\">\n\t\t\t<a\n\t\t\t\thref=\"https:\/\/calefaccionmeilan.es\/index.php\/2018\/03\/19\/bmb-2\/\"\n\t\t\t\tid=\"sow-carousel-id-1021\"\n\t\t\t\t\t\t\t\ttabindex=\"-1\"\n\t\t\t>\n\n\t\t\t\tBOMBA DE CALOR\t\t\t<\/a>\n\t\t<\/h3>\n\t<\/div>\n\t\t<div class=\"sow-carousel-item\" tabindex=\"-1\" style=\"float: left;\">\n\t\t<div class=\"sow-carousel-thumbnail\">\n\t\t\t\t\t\t\t<a\n\t\t\t\t\thref=\"https:\/\/calefaccionmeilan.es\/index.php\/2018\/03\/19\/bmb-2-2\/\"\n\t\t\t\t\t\t\t\t\t\tstyle=\"background-image: url( https:\/\/calefaccionmeilan.es\/wp-content\/uploads\/2018\/03\/bomba-calor3-272x182.png )\"\n\t\t\t\t\taria-labelledby=\"sow-carousel-id-1024\"\n\t\t\t\t\ttabindex=\"-1\"\n\t\t\t\t>\n\t\t\t\t\t<span class=\"overlay\"><\/span>\n\t\t\t\t<\/a>\n\t\t\t\t\t<\/div>\n\t\t<h3 class=\"sow-carousel-item-title\">\n\t\t\t<a\n\t\t\t\thref=\"https:\/\/calefaccionmeilan.es\/index.php\/2018\/03\/19\/bmb-2-2\/\"\n\t\t\t\tid=\"sow-carousel-id-1024\"\n\t\t\t\t\t\t\t\ttabindex=\"-1\"\n\t\t\t>\n\n\t\t\t\tBOMBA DE CALOR\t\t\t<\/a>\n\t\t<\/h3>\n\t<\/div>\n\t\t<div class=\"sow-carousel-item\" tabindex=\"-1\" style=\"float: left;\">\n\t\t<div class=\"sow-carousel-thumbnail\">\n\t\t\t\t\t\t\t<a\n\t\t\t\t\thref=\"https:\/\/calefaccionmeilan.es\/index.php\/2018\/03\/19\/bmb-2-2-2\/\"\n\t\t\t\t\t\t\t\t\t\tstyle=\"background-image: url( https:\/\/calefaccionmeilan.es\/wp-content\/uploads\/2018\/03\/bomba-calor4-272x182.png )\"\n\t\t\t\t\taria-labelledby=\"sow-carousel-id-1027\"\n\t\t\t\t\ttabindex=\"-1\"\n\t\t\t\t>\n\t\t\t\t\t<span class=\"overlay\"><\/span>\n\t\t\t\t<\/a>\n\t\t\t\t\t<\/div>\n\t\t<h3 class=\"sow-carousel-item-title\">\n\t\t\t<a\n\t\t\t\thref=\"https:\/\/calefaccionmeilan.es\/index.php\/2018\/03\/19\/bmb-2-2-2\/\"\n\t\t\t\tid=\"sow-carousel-id-1027\"\n\t\t\t\t\t\t\t\ttabindex=\"-1\"\n\t\t\t>\n\n\t\t\t\tBOMBA DE CALOR\t\t\t<\/a>\n\t\t<\/h3>\n\t<\/div>\n\t\t<div class=\"sow-carousel-item\" tabindex=\"-1\" style=\"float: left;\">\n\t\t<div class=\"sow-carousel-thumbnail\">\n\t\t\t\t\t\t\t<a\n\t\t\t\t\thref=\"https:\/\/calefaccionmeilan.es\/index.php\/2018\/03\/19\/bmb-2-2-2-2\/\"\n\t\t\t\t\t\t\t\t\t\tstyle=\"background-image: url( https:\/\/calefaccionmeilan.es\/wp-content\/uploads\/2018\/03\/bomba-calor5-272x182.png )\"\n\t\t\t\t\taria-labelledby=\"sow-carousel-id-1030\"\n\t\t\t\t\ttabindex=\"-1\"\n\t\t\t\t>\n\t\t\t\t\t<span class=\"overlay\"><\/span>\n\t\t\t\t<\/a>\n\t\t\t\t\t<\/div>\n\t\t<h3 class=\"sow-carousel-item-title\">\n\t\t\t<a\n\t\t\t\thref=\"https:\/\/calefaccionmeilan.es\/index.php\/2018\/03\/19\/bmb-2-2-2-2\/\"\n\t\t\t\tid=\"sow-carousel-id-1030\"\n\t\t\t\t\t\t\t\ttabindex=\"-1\"\n\t\t\t>\n\n\t\t\t\tBOMBA DE CALOR\t\t\t<\/a>\n\t\t<\/h3>\n\t<\/div>\n\t\t\t<\/div>\n\t\t\t<\/div>\n\n\t<\/div>\n\t\t<input type=\"hidden\" name=\"instance_hash\" value=\"de6f2d1b\"\/>\n\t<\/div>\n<\/div><\/div><\/div><div id=\"pgc-336-2-2\"  class=\"panel-grid-cell panel-grid-cell-empty\" ><\/div><\/div><\/div>","protected":false},"excerpt":{"rendered":"<p>En calefacci\u00f3n Meil\u00e1n contamos con mucha experiencia, hemos apostado por la bomba de calor (aerot\u00e9rmica y geot\u00e9rmica) desde hace\u00a0 a\u00f1os. Esta reconocida como una energ\u00eda renovable debido a su alt\u00edsimo rendimiento. Adem\u00e1s nos ofrece ciertas ventajas frente a otros sistema de calefacci\u00f3n. Es una energ\u00eda limpia ya que no se producen gases, no hay ning\u00fan tipo de combusti\u00f3n. \u00a0 Es muy c\u00f3modo y el mantenimiento&hellip; <\/p>\n","protected":false},"author":1,"featured_media":0,"parent":316,"menu_order":0,"comment_status":"closed","ping_status":"closed","template":"","meta":{"footnotes":""},"class_list":["post-336","page","type-page","status-publish","hentry","clearfix"],"_links":{"self":[{"href":"https:\/\/calefaccionmeilan.es\/index.php\/wp-json\/wp\/v2\/pages\/336","targetHints":{"allow":["GET"]}}],"collection":[{"href":"https:\/\/calefaccionmeilan.es\/index.php\/wp-json\/wp\/v2\/pages"}],"about":[{"href":"https:\/\/calefaccionmeilan.es\/index.php\/wp-json\/wp\/v2\/types\/page"}],"author":[{"embeddable":true,"href":"https:\/\/calefaccionmeilan.es\/index.php\/wp-json\/wp\/v2\/users\/1"}],"replies":[{"embeddable":true,"href":"https:\/\/calefaccionmeilan.es\/index.php\/wp-json\/wp\/v2\/comments?post=336"}],"version-history":[{"count":9,"href":"https:\/\/calefaccionmeilan.es\/index.php\/wp-json\/wp\/v2\/pages\/336\/revisions"}],"predecessor-version":[{"id":1242,"href":"https:\/\/calefaccionmeilan.es\/index.php\/wp-json\/wp\/v2\/pages\/336\/revisions\/1242"}],"up":[{"embeddable":true,"href":"https:\/\/calefaccionmeilan.es\/index.php\/wp-json\/wp\/v2\/pages\/316"}],"wp:attachment":[{"href":"https:\/\/calefaccionmeilan.es\/index.php\/wp-json\/wp\/v2\/media?parent=336"}],"curies":[{"name":"wp","href":"https:\/\/api.w.org\/{rel}","templated":true}]}}